{"id":92,"date":"2016-01-27T17:45:08","date_gmt":"2016-01-27T16:45:08","guid":{"rendered":"http:\/\/www.bouclard.com\/restaurant\/?page_id=92"},"modified":"2022-06-01T14:17:06","modified_gmt":"2022-06-01T13:17:06","slug":"nous-rendre-visite","status":"publish","type":"page","link":"https:\/\/www.bouclard.com\/restaurant\/nous-rendre-visite\/","title":{"rendered":"Nous rendre visite"},"content":{"rendered":"<p style=\"text-align: center;\"><iframe loading=\"lazy\" style=\"border: 0;\" src=\"https:\/\/www.google.com\/maps\/embed?pb=!1m18!1m12!1m3!1d2623.553216136563!2d2.326467051405633!3d48.88579320662905!2m3!1f0!2f0!3f0!3m2!1i1024!2i768!4f13.1!3m3!1m2!1s0x47e66e4deb8be74d%3A0x3d38ac58d243556d!2sLe+Bouclard!5e0!3m2!1sfr!2sfr!4v1453724641105\" width=\"1136\" height=\"469\" frameborder=\"0\" allowfullscreen=\"allowfullscreen\"><\/iframe><\/p>\n<p style=\"text-align: center;\"><span style=\"color: #800000;\"><strong>Restaurant Le Bouclard<\/strong><\/span><br \/>\n<strong>1 rue Cavallotti &#8211; 75018 Paris<\/strong><br \/>\n<span style=\"color: #800000;\">Parking gard\u00e9 Renault au 11, rue Forest &#8211; 75018 Paris<\/span><\/p>\n<p style=\"text-align: center;\"><span style=\"color: #800000;\"><strong>Informations pratiques :<\/strong><\/span><br \/>\n<strong>D\u00e9jeuner, du mardi au vendredi :\u00a0<\/strong>de 12:00 \u00e0 14:00 (derni\u00e8re commande)<br \/>\n<strong>D\u00eener pr\u00e9-spectacle, du mardi au samedi : <\/strong>de 18h \u00e0 19h30<br \/>\n<strong>D\u00eener, du mardi au samedi : <\/strong>de 19h \u00e0 22:30 (derni\u00e8re commande)<br \/>\nFerm\u00e9 dimanche et lundi.<\/p>\n<h3 style=\"text-align: center;\"><span style=\"color: #800000;\"><strong>Pour r\u00e9server :<\/strong><\/span><br \/>\nPar internet : <span style=\"color: #800000;\"><a style=\"color: #800000;\" href=\"mailto:rezabouclard@gmail.com\">rezabouclard@gmail.com<\/a><\/span><br \/>\nPar t\u00e9l\u00e9phone : <!--<a href=\"tel:0185153231\" ><span class=\"phone\">01 85 15 32 31<\/span><\/a>--><a href=\"tel:0145226001\">01 45 22 60 01<\/a><\/h3>\n<h3 style=\"text-align: center;\"><span style=\"color: #000000;\"><strong>Laissez votre message avec vos coordonn\u00e9es<\/strong><\/span><br \/>\n<span style=\"color: #000000;\"><strong>nous vous rappellerons.<\/strong><\/span><\/h3>\n<p style=\"text-align: center;\"><strong>ou en passant par La Fourchette :<\/strong><\/p>\n<div style=\"text-align: center;\" align=\"center\"><iframe style=\"width: 100%; min-height: 800px; border: none; scrolling: yes;\" src=\"https:\/\/module.lafourchette.com\/fr_FR\/module\/10089-3f2ca\"><\/iframe><\/div>\n<p style=\"text-align: center;\"><span style=\"color: #800000;\"><em><strong>Information importante :<\/strong><br \/>\nNous sommes malheureusement confront\u00e9s \u00e0 nombreux d\u00e9sistements sans que l&rsquo;on prenne la peine de nous avertir. La capacit\u00e9 d&rsquo;accueil du restaurant \u00e9tant de 35 couverts, les r\u00e9servations de plus de 4 personnes en provenance de Trip Advisor, La Fourchette, Google, sont sujettes \u00e0 un versement d&rsquo;arrhes de 10\u20ac par personne (toutes cartes de cr\u00e9dit et Apple Pay) \u00e0 d\u00e9duire de votre addition et non remboursable si la r\u00e9tractation n&rsquo;a pas \u00e9t\u00e9 faite 4 heures avant l&rsquo;heure initialement pr\u00e9vue.<br \/>\nMerci de votre compr\u00e9hension.<\/em><\/span><\/p>\n","protected":false},"excerpt":{"rendered":"<div class=\"entry-summary\">\nRestaurant Le Bouclard 1 rue Cavallotti &#8211; 75018 Paris Parking gard\u00e9 Renault&hellip;\n<\/div>\n<div class=\"link-more\"><a href=\"https:\/\/www.bouclard.com\/restaurant\/nous-rendre-visite\/\" class=\"more-link\">Continue reading<span class=\"screen-reader-text\"> &ldquo;Nous rendre visite&rdquo;<\/span>&hellip;<\/a><\/div>\n","protected":false},"author":1,"featured_media":0,"parent":0,"menu_order":4,"comment_status":"closed","ping_status":"closed","template":"page-template\/_fullwidth.php","meta":{"footnotes":""},"class_list":["post-92","page","type-page","status-publish","hentry","entry"],"_links":{"self":[{"href":"https:\/\/www.bouclard.com\/restaurant\/wp-json\/wp\/v2\/pages\/92","targetHints":{"allow":["GET"]}}],"collection":[{"href":"https:\/\/www.bouclard.com\/restaurant\/wp-json\/wp\/v2\/pages"}],"about":[{"href":"https:\/\/www.bouclard.com\/restaurant\/wp-json\/wp\/v2\/types\/page"}],"author":[{"embeddable":true,"href":"https:\/\/www.bouclard.com\/restaurant\/wp-json\/wp\/v2\/users\/1"}],"replies":[{"embeddable":true,"href":"https:\/\/www.bouclard.com\/restaurant\/wp-json\/wp\/v2\/comments?post=92"}],"version-history":[{"count":25,"href":"https:\/\/www.bouclard.com\/restaurant\/wp-json\/wp\/v2\/pages\/92\/revisions"}],"predecessor-version":[{"id":782,"href":"https:\/\/www.bouclard.com\/restaurant\/wp-json\/wp\/v2\/pages\/92\/revisions\/782"}],"wp:attachment":[{"href":"https:\/\/www.bouclard.com\/restaurant\/wp-json\/wp\/v2\/media?parent=92"}],"curies":[{"name":"wp","href":"https:\/\/api.w.org\/{rel}","templated":true}]}}